{"id":39,"date":"2020-09-29T04:21:27","date_gmt":"2020-09-29T04:21:27","guid":{"rendered":"https:\/\/colegiomiltonmotta.com.br\/?page_id=39"},"modified":"2020-09-29T04:31:03","modified_gmt":"2020-09-29T04:31:03","slug":"nossa-escola","status":"publish","type":"page","link":"https:\/\/colegiomiltonmotta.com.br\/?page_id=39","title":{"rendered":"Nossa Escola"},"content":{"rendered":"\t\t<div data-elementor-type=\"wp-page\" data-elementor-id=\"39\" class=\"elementor elementor-39\" data-elementor-post-type=\"page\">\n\t\t\t\t\t\t\t\t\t<section class=\"elementor-section elementor-top-section elementor-element elementor-element-ba66944 elementor-section-boxed elementor-section-height-default elementor-section-height-default\" data-id=\"ba66944\" data-element_type=\"section\">\n\t\t\t\t\t\t<div class=\"elementor-container elementor-column-gap-default\">\n\t\t\t\t\t<div class=\"elementor-column elementor-col-100 elementor-top-column elementor-element elementor-element-66e68a9\" data-id=\"66e68a9\" data-element_type=\"column\">\n\t\t\t<div class=\"elementor-widget-wrap elementor-element-populated\">\n\t\t\t\t\t\t\t\t<div class=\"elementor-element elementor-element-8cdf08e elementor-widget elementor-widget-heading\" data-id=\"8cdf08e\" data-element_type=\"widget\" data-widget_type=\"heading.default\">\n\t\t\t\t<div class=\"elementor-widget-container\">\n\t\t\t<h1 class=\"elementor-heading-title elementor-size-default\">NOSSA ESCOLA<\/h1>\t\t<\/div>\n\t\t\t\t<\/div>\n\t\t\t\t<div class=\"elementor-element elementor-element-d1c70e4 elementor-widget elementor-widget-text-editor\" data-id=\"d1c70e4\" data-element_type=\"widget\" data-widget_type=\"text-editor.default\">\n\t\t\t\t<div class=\"elementor-widget-container\">\n\t\t\t\t\t\t\t<p>O trabalho desenvolvido pelo Centro Educacional Milton Motta \u00e9 baseado na tarefa de priorizar a busca por uma educa\u00e7\u00e3o de qualidade, promovendo a constru\u00e7\u00e3o de valores fundamentais para a cidadania plena e oferecendo aos alunos uma aprendizagem prazerosa e s\u00f3lida. Fundado em 29 de novembro de 1995, o CEMM acredita que educar \u00e9 compartilhar experi\u00eancias e contribuir para a constru\u00e7\u00e3o de um mundo melhor.<\/p>\t\t\t\t\t\t<\/div>\n\t\t\t\t<\/div>\n\t\t\t\t\t<\/div>\n\t\t<\/div>\n\t\t\t\t\t\t\t<\/div>\n\t\t<\/section>\n\t\t\t\t<section class=\"elementor-section elementor-top-section elementor-element elementor-element-8dfe63a elementor-section-boxed elementor-section-height-default elementor-section-height-default\" data-id=\"8dfe63a\" data-element_type=\"section\">\n\t\t\t\t\t\t<div class=\"elementor-container elementor-column-gap-default\">\n\t\t\t\t\t<div class=\"elementor-column elementor-col-100 elementor-top-column elementor-element elementor-element-448f33c\" data-id=\"448f33c\" data-element_type=\"column\">\n\t\t\t<div class=\"elementor-widget-wrap elementor-element-populated\">\n\t\t\t\t\t\t\t\t<div class=\"elementor-element elementor-element-4e4fdbf elementor-widget elementor-widget-spacer\" data-id=\"4e4fdbf\" data-element_type=\"widget\" data-widget_type=\"spacer.default\">\n\t\t\t\t<div class=\"elementor-widget-container\">\n\t\t\t\t\t<div class=\"elementor-spacer\">\n\t\t\t<div class=\"elementor-spacer-inner\"><\/div>\n\t\t<\/div>\n\t\t\t\t<\/div>\n\t\t\t\t<\/div>\n\t\t\t\t\t<\/div>\n\t\t<\/div>\n\t\t\t\t\t\t\t<\/div>\n\t\t<\/section>\n\t\t\t\t\t\t\t<\/div>\n\t\t","protected":false},"excerpt":{"rendered":"<p>NOSSA ESCOLA O trabalho desenvolvido pelo Centro Educacional Milton Motta \u00e9 baseado na tarefa de priorizar a busca por uma educa\u00e7\u00e3o de qualidade, promovendo a constru\u00e7\u00e3o de valores fundamentais para a cidadania plena e oferecendo aos alunos uma aprendizagem prazerosa e s\u00f3lida. Fundado em 29 de novembro de 1995, o CEMM acredita que educar \u00e9 [&hellip;]<\/p>\n","protected":false},"author":1,"featured_media":0,"parent":0,"menu_order":0,"comment_status":"closed","ping_status":"closed","template":"","meta":{"_joinchat":[]},"_links":{"self":[{"href":"https:\/\/colegiomiltonmotta.com.br\/index.php?rest_route=\/wp\/v2\/pages\/39"}],"collection":[{"href":"https:\/\/colegiomiltonmotta.com.br\/index.php?rest_route=\/wp\/v2\/pages"}],"about":[{"href":"https:\/\/colegiomiltonmotta.com.br\/index.php?rest_route=\/wp\/v2\/types\/page"}],"author":[{"embeddable":true,"href":"https:\/\/colegiomiltonmotta.com.br\/index.php?rest_route=\/wp\/v2\/users\/1"}],"replies":[{"embeddable":true,"href":"https:\/\/colegiomiltonmotta.com.br\/index.php?rest_route=%2Fwp%2Fv2%2Fcomments&post=39"}],"version-history":[{"count":8,"href":"https:\/\/colegiomiltonmotta.com.br\/index.php?rest_route=\/wp\/v2\/pages\/39\/revisions"}],"predecessor-version":[{"id":47,"href":"https:\/\/colegiomiltonmotta.com.br\/index.php?rest_route=\/wp\/v2\/pages\/39\/revisions\/47"}],"wp:attachment":[{"href":"https:\/\/colegiomiltonmotta.com.br\/index.php?rest_route=%2Fwp%2Fv2%2Fmedia&parent=39"}],"curies":[{"name":"wp","href":"https:\/\/api.w.org\/{rel}","templated":true}]}}