{"id":50,"date":"2020-09-29T04:35:48","date_gmt":"2020-09-29T04:35:48","guid":{"rendered":"https:\/\/colegiomiltonmotta.com.br\/?page_id=50"},"modified":"2020-09-29T04:37:45","modified_gmt":"2020-09-29T04:37:45","slug":"nossa-escola-2","status":"publish","type":"page","link":"https:\/\/colegiomiltonmotta.com.br\/?page_id=50","title":{"rendered":"Sistema pH de ensino"},"content":{"rendered":"\t\t<div data-elementor-type=\"wp-page\" data-elementor-id=\"50\" class=\"elementor elementor-50\" data-elementor-post-type=\"page\">\n\t\t\t\t\t\t\t\t\t<section class=\"elementor-section elementor-top-section elementor-element elementor-element-ba66944 elementor-section-boxed elementor-section-height-default elementor-section-height-default\" data-id=\"ba66944\" data-element_type=\"section\">\n\t\t\t\t\t\t<div class=\"elementor-container elementor-column-gap-default\">\n\t\t\t\t\t<div class=\"elementor-column elementor-col-100 elementor-top-column elementor-element elementor-element-66e68a9\" data-id=\"66e68a9\" data-element_type=\"column\">\n\t\t\t<div class=\"elementor-widget-wrap elementor-element-populated\">\n\t\t\t\t\t\t\t\t<div class=\"elementor-element elementor-element-8cdf08e elementor-widget elementor-widget-heading\" data-id=\"8cdf08e\" data-element_type=\"widget\" data-widget_type=\"heading.default\">\n\t\t\t\t<div class=\"elementor-widget-container\">\n\t\t\t<h1 class=\"elementor-heading-title elementor-size-default\">Sistema pH de ensino<\/h1>\t\t<\/div>\n\t\t\t\t<\/div>\n\t\t\t\t<div class=\"elementor-element elementor-element-d1c70e4 elementor-widget elementor-widget-text-editor\" data-id=\"d1c70e4\" data-element_type=\"widget\" data-widget_type=\"text-editor.default\">\n\t\t\t\t<div class=\"elementor-widget-container\">\n\t\t\t\t\t\t\t<p>Os livros e apostilas s\u00e3o elaborados pelo Sistema pH de Ensino em todos os segmentos.<\/p><p>O material pH para Educa\u00e7\u00e3o Infantil foi feito para crian\u00e7as, mas n\u00e3o \u00e9 infantilizado: ele faz jus ao potencial intelectual dos alunos, proporcionando alfabetiza\u00e7\u00e3o para o mundo, ou seja, um conhecimento que possibilita ferramentas b\u00e1sicas para comunicar-se e seguir aprendendo.<\/p><p>O material do Ensino Fundamental I do Sistema pH de Ensino contribui para o desenvolvimento das habilidades de leitura, escrita, interpreta\u00e7\u00e3o de textos, resolu\u00e7\u00e3o de problemas e racioc\u00ednio l\u00f3gico. Auxilia na incorpora\u00e7\u00e3o de conceitos e atitudes relacionados \u00e0 \u00e9tica e \u00e0 cidadania, trabalhando temas como sustentabilidade, respeito ao outro e forma\u00e7\u00e3o do senso cr\u00edtico e do esp\u00edrito de equipe.<\/p><p>O tratamento dado \u00e0s disciplinas pelo material did\u00e1tico pH no Ensino Fundamental II permite ao estudante lidar com o conhecimento espec\u00edfico das f\u00f3rmulas, dos c\u00e1lculos matem\u00e1ticos e dos conceitos concretos e abstratos das disciplinas, apresentando-lhes os conceitos te\u00f3ricos em situa\u00e7\u00f5es cotidianas, permitindo o desenvolvimento de uma vis\u00e3o mais abrangente do mundo que o rodeia.<\/p><p>Aproximando os conte\u00fados da realidade contempor\u00e2nea, o material did\u00e1tico pH no Ensino M\u00e9dio favorece o desenvolvimento de habilidades e compet\u00eancias indispens\u00e1veis para o sucesso na vida adulta e prepara seus alunos para disputar vagas nas universidades mais concorridas do pa\u00eds. Esse passaporte para o ensino superior \u00e9 conquistado com um trabalho de qualidade, tanto na prepara\u00e7\u00e3o e execu\u00e7\u00e3o das aulas, como na realiza\u00e7\u00e3o das tarefas e na an\u00e1lise dos resultados das provas.<\/p><p><strong>O Material complementar \u00e0s disciplinas comp\u00f5e o Material Did\u00e1tico.<\/strong><\/p>\t\t\t\t\t\t<\/div>\n\t\t\t\t<\/div>\n\t\t\t\t\t<\/div>\n\t\t<\/div>\n\t\t\t\t\t\t\t<\/div>\n\t\t<\/section>\n\t\t\t\t<section class=\"elementor-section elementor-top-section elementor-element elementor-element-8dfe63a elementor-section-boxed elementor-section-height-default elementor-section-height-default\" data-id=\"8dfe63a\" data-element_type=\"section\">\n\t\t\t\t\t\t<div class=\"elementor-container elementor-column-gap-default\">\n\t\t\t\t\t<div class=\"elementor-column elementor-col-100 elementor-top-column elementor-element elementor-element-448f33c\" data-id=\"448f33c\" data-element_type=\"column\">\n\t\t\t<div class=\"elementor-widget-wrap elementor-element-populated\">\n\t\t\t\t\t\t\t\t<div class=\"elementor-element elementor-element-4e4fdbf elementor-widget elementor-widget-spacer\" data-id=\"4e4fdbf\" data-element_type=\"widget\" data-widget_type=\"spacer.default\">\n\t\t\t\t<div class=\"elementor-widget-container\">\n\t\t\t\t\t<div class=\"elementor-spacer\">\n\t\t\t<div class=\"elementor-spacer-inner\"><\/div>\n\t\t<\/div>\n\t\t\t\t<\/div>\n\t\t\t\t<\/div>\n\t\t\t\t\t<\/div>\n\t\t<\/div>\n\t\t\t\t\t\t\t<\/div>\n\t\t<\/section>\n\t\t\t\t\t\t\t<\/div>\n\t\t","protected":false},"excerpt":{"rendered":"<p>Sistema pH de ensino Os livros e apostilas s\u00e3o elaborados pelo Sistema pH de Ensino em todos os segmentos. O material pH para Educa\u00e7\u00e3o Infantil foi feito para crian\u00e7as, mas n\u00e3o \u00e9 infantilizado: ele faz jus ao potencial intelectual dos alunos, proporcionando alfabetiza\u00e7\u00e3o para o mundo, ou seja, um conhecimento que possibilita ferramentas b\u00e1sicas para [&hellip;]<\/p>\n","protected":false},"author":1,"featured_media":0,"parent":0,"menu_order":0,"comment_status":"closed","ping_status":"closed","template":"","meta":{"_joinchat":[]},"_links":{"self":[{"href":"https:\/\/colegiomiltonmotta.com.br\/index.php?rest_route=\/wp\/v2\/pages\/50"}],"collection":[{"href":"https:\/\/colegiomiltonmotta.com.br\/index.php?rest_route=\/wp\/v2\/pages"}],"about":[{"href":"https:\/\/colegiomiltonmotta.com.br\/index.php?rest_route=\/wp\/v2\/types\/page"}],"author":[{"embeddable":true,"href":"https:\/\/colegiomiltonmotta.com.br\/index.php?rest_route=\/wp\/v2\/users\/1"}],"replies":[{"embeddable":true,"href":"https:\/\/colegiomiltonmotta.com.br\/index.php?rest_route=%2Fwp%2Fv2%2Fcomments&post=50"}],"version-history":[{"count":3,"href":"https:\/\/colegiomiltonmotta.com.br\/index.php?rest_route=\/wp\/v2\/pages\/50\/revisions"}],"predecessor-version":[{"id":54,"href":"https:\/\/colegiomiltonmotta.com.br\/index.php?rest_route=\/wp\/v2\/pages\/50\/revisions\/54"}],"wp:attachment":[{"href":"https:\/\/colegiomiltonmotta.com.br\/index.php?rest_route=%2Fwp%2Fv2%2Fmedia&parent=50"}],"curies":[{"name":"wp","href":"https:\/\/api.w.org\/{rel}","templated":true}]}}