{"id":62,"date":"2020-09-30T01:25:12","date_gmt":"2020-09-30T01:25:12","guid":{"rendered":"https:\/\/colegiomiltonmotta.com.br\/?page_id=62"},"modified":"2023-07-25T14:21:44","modified_gmt":"2023-07-25T14:21:44","slug":"ensino-fundamental","status":"publish","type":"page","link":"https:\/\/colegiomiltonmotta.com.br\/?page_id=62","title":{"rendered":"Ensino Fundamental"},"content":{"rendered":"\t\t<div data-elementor-type=\"wp-page\" data-elementor-id=\"62\" class=\"elementor elementor-62\" data-elementor-post-type=\"page\">\n\t\t\t\t\t\t\t\t\t<section class=\"elementor-section elementor-top-section elementor-element elementor-element-ba66944 elementor-section-boxed elementor-section-height-default elementor-section-height-default\" data-id=\"ba66944\" data-element_type=\"section\">\n\t\t\t\t\t\t<div class=\"elementor-container elementor-column-gap-default\">\n\t\t\t\t\t<div class=\"elementor-column elementor-col-100 elementor-top-column elementor-element elementor-element-66e68a9\" data-id=\"66e68a9\" data-element_type=\"column\">\n\t\t\t<div class=\"elementor-widget-wrap elementor-element-populated\">\n\t\t\t\t\t\t\t\t<div class=\"elementor-element elementor-element-8cdf08e elementor-widget elementor-widget-heading\" data-id=\"8cdf08e\" data-element_type=\"widget\" data-widget_type=\"heading.default\">\n\t\t\t\t<div class=\"elementor-widget-container\">\n\t\t\t<h1 class=\"elementor-heading-title elementor-size-default\">ENSINO<\/h1>\t\t<\/div>\n\t\t\t\t<\/div>\n\t\t\t\t<div class=\"elementor-element elementor-element-d1c70e4 elementor-widget elementor-widget-text-editor\" data-id=\"d1c70e4\" data-element_type=\"widget\" data-widget_type=\"text-editor.default\">\n\t\t\t\t<div class=\"elementor-widget-container\">\n\t\t\t\t\t\t\t<p><strong>Educa\u00e7\u00e3o Infantil:<\/strong><br \/>O trabalho pedag\u00f3gico voltado para o segmento da Educa\u00e7\u00e3o Infantil deve considerar como pressupostos pedag\u00f3gicos os processos cognitivos, afetivos e sociais que permeiam a aprendizagem das crian\u00e7as.<\/p><p>Espera-se, assim, que essa crian\u00e7a aprenda gradativamente a selecionar, assimilar, interpretar, conferir, testar, reformular, intuir, estimar, explicar e comunicar-se.<\/p><p><strong>Ensino Fundamental:<\/strong><br \/>O <strong>Centro Educacional Milton Motta\u00a0 e <\/strong>Sistema pH de Ensino, visa criar as condi\u00e7\u00f5es necess\u00e1rias para que todos os alunos desenvolvam suas capacidades e dominem os conte\u00fados necess\u00e1rios a sua compreens\u00e3o da realidade e das pr\u00e1ticas sociais<\/p>\t\t\t\t\t\t<\/div>\n\t\t\t\t<\/div>\n\t\t\t\t\t<\/div>\n\t\t<\/div>\n\t\t\t\t\t\t\t<\/div>\n\t\t<\/section>\n\t\t\t\t<section class=\"elementor-section elementor-top-section elementor-element elementor-element-8dfe63a elementor-section-boxed elementor-section-height-default elementor-section-height-default\" data-id=\"8dfe63a\" data-element_type=\"section\">\n\t\t\t\t\t\t<div class=\"elementor-container elementor-column-gap-default\">\n\t\t\t\t\t<div class=\"elementor-column elementor-col-100 elementor-top-column elementor-element elementor-element-448f33c\" data-id=\"448f33c\" data-element_type=\"column\">\n\t\t\t<div class=\"elementor-widget-wrap elementor-element-populated\">\n\t\t\t\t\t\t\t\t<div class=\"elementor-element elementor-element-4e4fdbf elementor-widget elementor-widget-spacer\" data-id=\"4e4fdbf\" data-element_type=\"widget\" data-widget_type=\"spacer.default\">\n\t\t\t\t<div class=\"elementor-widget-container\">\n\t\t\t\t\t<div class=\"elementor-spacer\">\n\t\t\t<div class=\"elementor-spacer-inner\"><\/div>\n\t\t<\/div>\n\t\t\t\t<\/div>\n\t\t\t\t<\/div>\n\t\t\t\t\t<\/div>\n\t\t<\/div>\n\t\t\t\t\t\t\t<\/div>\n\t\t<\/section>\n\t\t\t\t\t\t\t<\/div>\n\t\t","protected":false},"excerpt":{"rendered":"<p>ENSINO Educa\u00e7\u00e3o Infantil:O trabalho pedag\u00f3gico voltado para o segmento da Educa\u00e7\u00e3o Infantil deve considerar como pressupostos pedag\u00f3gicos os processos cognitivos, afetivos e sociais que permeiam a aprendizagem das crian\u00e7as. Espera-se, assim, que essa crian\u00e7a aprenda gradativamente a selecionar, assimilar, interpretar, conferir, testar, reformular, intuir, estimar, explicar e comunicar-se. Ensino Fundamental:O Centro Educacional Milton Motta\u00a0 e [&hellip;]<\/p>\n","protected":false},"author":1,"featured_media":0,"parent":0,"menu_order":0,"comment_status":"closed","ping_status":"closed","template":"","meta":{"_joinchat":[]},"_links":{"self":[{"href":"https:\/\/colegiomiltonmotta.com.br\/index.php?rest_route=\/wp\/v2\/pages\/62"}],"collection":[{"href":"https:\/\/colegiomiltonmotta.com.br\/index.php?rest_route=\/wp\/v2\/pages"}],"about":[{"href":"https:\/\/colegiomiltonmotta.com.br\/index.php?rest_route=\/wp\/v2\/types\/page"}],"author":[{"embeddable":true,"href":"https:\/\/colegiomiltonmotta.com.br\/index.php?rest_route=\/wp\/v2\/users\/1"}],"replies":[{"embeddable":true,"href":"https:\/\/colegiomiltonmotta.com.br\/index.php?rest_route=%2Fwp%2Fv2%2Fcomments&post=62"}],"version-history":[{"count":5,"href":"https:\/\/colegiomiltonmotta.com.br\/index.php?rest_route=\/wp\/v2\/pages\/62\/revisions"}],"predecessor-version":[{"id":88,"href":"https:\/\/colegiomiltonmotta.com.br\/index.php?rest_route=\/wp\/v2\/pages\/62\/revisions\/88"}],"wp:attachment":[{"href":"https:\/\/colegiomiltonmotta.com.br\/index.php?rest_route=%2Fwp%2Fv2%2Fmedia&parent=62"}],"curies":[{"name":"wp","href":"https:\/\/api.w.org\/{rel}","templated":true}]}}